{"id":2,"date":"2020-09-24T07:37:00","date_gmt":"2020-09-24T07:37:00","guid":{"rendered":"http:\/\/honig.macovei.at\/?page_id=2"},"modified":"2025-08-14T09:10:33","modified_gmt":"2025-08-14T09:10:33","slug":"sample-page","status":"publish","type":"page","link":"https:\/\/honig.macovei.at\/","title":{"rendered":"Imker  &#8211;  Macovei"},"content":{"rendered":"\n<p class=\"has-normal-font-size\"><em>Ich bin Imker aus Leidenschaft seit 2015.<\/em><\/p>\n\n\n\n<p class=\"has-normal-font-size\"><em>Meine Bienen haben fixe Standorte in den s\u00fcdlichen Weinbergen der Steiermark. Ich betreibe keine Monokultur und garantiere daf\u00fcr, dass alle Produkte per Hand erzeugt sind!<\/em><\/p>\n\n\n\n<p class=\"has-normal-font-size\"><em>Durch den Kauf von Honig aus Biodiversit\u00e4t k\u00f6nnen Verbraucher nicht nur einen geschmackvollen und gesunden Honig genie\u00dfen, sondern auch einen positiven Beitrag zur Erhaltung der Artenvielfalt und Unterst\u00fctzung lokaler Imker leisten<\/em><\/p>\n\n\n\n<p><\/p>\n\n\n\n<p><\/p>\n\n\n\n<p><\/p>\n\n\n\n<p><strong>NEUE PRODUKTE aus 2025!!! <\/strong><br><br><strong><u>Honig &amp; Honig-Produkte &#8211; <strong>100% Natur aus der Steiermark<\/strong> (<em>aktuelle Liste 2025<\/em>)<\/u><\/strong><\/p>\n\n\n\n<figure class=\"wp-block-table\"><table><tbody><tr><td><strong>Bezeichnung<\/strong><\/td><td class=\"has-text-align-center\" data-align=\"center\"><strong>Menge<\/strong><\/td><td class=\"has-text-align-center\" data-align=\"center\"><strong>Preis<\/strong><\/td><\/tr><tr><td>Kastanienhonig<\/td><td class=\"has-text-align-center\" data-align=\"center\">0,5 kg<\/td><td class=\"has-text-align-center\" data-align=\"center\">8,50 \u20ac<\/td><\/tr><tr><td>Kastanienhonig<\/td><td class=\"has-text-align-center\" data-align=\"center\">1,0 kg<\/td><td class=\"has-text-align-center\" data-align=\"center\">16,00 \u20ac<\/td><\/tr><tr><td>Kastanienhonig<\/td><td class=\"has-text-align-center\" data-align=\"center\">250g<\/td><td class=\"has-text-align-center\" data-align=\"center\">5,50 \u20ac<\/td><\/tr><tr><td>Bl\u00fcten-\/Waldhonig<\/td><td class=\"has-text-align-center\" data-align=\"center\">0,5 kg<\/td><td class=\"has-text-align-center\" data-align=\"center\">8,50 \u20ac<\/td><\/tr><tr><td>Bl\u00fcten-\/Waldhonig<\/td><td class=\"has-text-align-center\" data-align=\"center\">1,0 kg<\/td><td class=\"has-text-align-center\" data-align=\"center\">16,00 \u20ac<\/td><\/tr><tr><td>Bl\u00fcten-\/Waldhonig<\/td><td class=\"has-text-align-center\" data-align=\"center\">250g<\/td><td class=\"has-text-align-center\" data-align=\"center\">5,50 \u20ac<\/td><\/tr><tr><td>Propolis Fl\u00e4schchen<\/td><td class=\"has-text-align-center\" data-align=\"center\">30ml<\/td><td class=\"has-text-align-center\" data-align=\"center\">11,00 \u20ac<\/td><\/tr><tr><td>Bienenwachs<\/td><td class=\"has-text-align-center\" data-align=\"center\">1 kg<\/td><td class=\"has-text-align-center\" data-align=\"center\">25,00 \u20ac<\/td><\/tr><\/tbody><\/table><\/figure>\n\n\n\n<p><\/p>\n","protected":false},"excerpt":{"rendered":"<p>Ich bin Imker aus Leidenschaft seit 2015. Meine Bienen haben fixe Standorte in den s\u00fcdlichen Weinbergen der Steiermark. Ich betreibe keine Monokultur und garantiere daf\u00fcr, dass alle Produkte per Hand erzeugt sind! Durch den Kauf von Honig aus Biodiversit\u00e4t k\u00f6nnen Verbraucher nicht nur einen geschmackvollen und gesunden Honig genie\u00dfen, sondern auch einen positiven Beitrag zur &hellip; <\/p>\n<p class=\"link-more\"><a href=\"https:\/\/honig.macovei.at\/\" class=\"more-link\">Continue reading<span class=\"screen-reader-text\"> &#8220;Imker  &#8211;  Macovei&#8221;<\/span><\/a><\/p>\n","protected":false},"author":1,"featured_media":9,"parent":0,"menu_order":0,"comment_status":"closed","ping_status":"open","template":"","meta":[],"_links":{"self":[{"href":"https:\/\/honig.macovei.at\/index.php?rest_route=\/wp\/v2\/pages\/2"}],"collection":[{"href":"https:\/\/honig.macovei.at\/index.php?rest_route=\/wp\/v2\/pages"}],"about":[{"href":"https:\/\/honig.macovei.at\/index.php?rest_route=\/wp\/v2\/types\/page"}],"author":[{"embeddable":true,"href":"https:\/\/honig.macovei.at\/index.php?rest_route=\/wp\/v2\/users\/1"}],"replies":[{"embeddable":true,"href":"https:\/\/honig.macovei.at\/index.php?rest_route=%2Fwp%2Fv2%2Fcomments&post=2"}],"version-history":[{"count":21,"href":"https:\/\/honig.macovei.at\/index.php?rest_route=\/wp\/v2\/pages\/2\/revisions"}],"predecessor-version":[{"id":129,"href":"https:\/\/honig.macovei.at\/index.php?rest_route=\/wp\/v2\/pages\/2\/revisions\/129"}],"wp:featuredmedia":[{"embeddable":true,"href":"https:\/\/honig.macovei.at\/index.php?rest_route=\/wp\/v2\/media\/9"}],"wp:attachment":[{"href":"https:\/\/honig.macovei.at\/index.php?rest_route=%2Fwp%2Fv2%2Fmedia&parent=2"}],"curies":[{"name":"wp","href":"https:\/\/api.w.org\/{rel}","templated":true}]}}